{"id":5,"date":"2016-04-09T11:19:11","date_gmt":"2016-04-09T10:19:11","guid":{"rendered":"http:\/\/mxmqcxig.preview.infomaniak.com\/scierie\/?page_id=5"},"modified":"2026-03-29T17:03:40","modified_gmt":"2026-03-29T16:03:40","slug":"accueil","status":"publish","type":"page","link":"http:\/\/scierieray.ch\/scierie\/","title":{"rendered":"Scierie de La Poissine"},"content":{"rendered":"<p>Depuis le 01.10.2022, les activit\u00e9s de la Scierie Ray SA ont \u00e9t\u00e9 reprises par la scierie Dutoit SA de Chavornay.<\/p>\n<p>Au 31 mars 2026, la Scierie Dutoit se retire du site de La Poissine pour se r\u00e9concentrer sur le seul site de Chavornay.<\/p>\n<p>Pour des achats de bois veuillez contacter directement la Scierie Dutoit SA.<\/p>\n<p><strong><a href=\"https:\/\/www.scierie-dutoit.ch\">Site de la Scierie Dutoit<\/a><\/strong><\/p>\n<p>T\u00e9l\u00e9phone de Chavornay : 024\u00a0441 12 14<\/p>\n<p>Mail\u00a0: <a href=\"mailto:admin@scierie-dutoit.ch\">admin@scierie-dutoit.ch<\/a><\/p>\n<p>\u00a0<\/p>\n\n\n<p><\/p>\n","protected":false},"excerpt":{"rendered":"<p>Depuis le 01.10.2022, les activit\u00e9s de la Scierie Ray SA ont \u00e9t\u00e9 reprises par la scierie Dutoit SA de Chavornay. Au 31 mars 2026, la Scierie Dutoit se retire du site de La Poissine pour se r\u00e9concentrer sur le seul site de Chavornay. Pour des achats de bois veuillez contacter directement la Scierie Dutoit SA. &#8230;<\/p>\n","protected":false},"author":4,"featured_media":0,"parent":0,"menu_order":0,"comment_status":"closed","ping_status":"closed","template":"template_fullwidth.php","meta":{"_mi_skip_tracking":false},"aioseo_notices":[],"_links":{"self":[{"href":"http:\/\/scierieray.ch\/scierie\/wp-json\/wp\/v2\/pages\/5"}],"collection":[{"href":"http:\/\/scierieray.ch\/scierie\/wp-json\/wp\/v2\/pages"}],"about":[{"href":"http:\/\/scierieray.ch\/scierie\/wp-json\/wp\/v2\/types\/page"}],"author":[{"embeddable":true,"href":"http:\/\/scierieray.ch\/scierie\/wp-json\/wp\/v2\/users\/4"}],"replies":[{"embeddable":true,"href":"http:\/\/scierieray.ch\/scierie\/wp-json\/wp\/v2\/comments?post=5"}],"version-history":[{"count":27,"href":"http:\/\/scierieray.ch\/scierie\/wp-json\/wp\/v2\/pages\/5\/revisions"}],"predecessor-version":[{"id":455,"href":"http:\/\/scierieray.ch\/scierie\/wp-json\/wp\/v2\/pages\/5\/revisions\/455"}],"wp:attachment":[{"href":"http:\/\/scierieray.ch\/scierie\/wp-json\/wp\/v2\/media?parent=5"}],"curies":[{"name":"wp","href":"https:\/\/api.w.org\/{rel}","templated":true}]}}